{"id":21,"date":"2025-10-05T17:21:11","date_gmt":"2025-10-05T17:21:11","guid":{"rendered":"https:\/\/drkayki.16xv.com.br\/?page_id=21"},"modified":"2025-11-01T16:43:34","modified_gmt":"2025-11-01T16:43:34","slug":"exames","status":"publish","type":"page","link":"https:\/\/drkayki.16xv.com.br\/index.php\/exames\/","title":{"rendered":"Exames"},"content":{"rendered":"\t\t<div data-elementor-type=\"wp-page\" data-elementor-id=\"21\" class=\"elementor elementor-21\" data-elementor-post-type=\"page\">\n\t\t\t\t<div class=\"elementor-element elementor-element-73aa980 e-flex e-con-boxed e-con e-parent\" data-id=\"73aa980\" data-element_type=\"container\" data-e-type=\"container\">\n\t\t\t\t\t<div class=\"e-con-inner\">\n\t\t<div class=\"elementor-element elementor-element-32cdf6e e-con-full e-flex e-con e-child\" data-id=\"32cdf6e\" data-element_type=\"container\" data-e-type=\"container\" data-settings=\"{&quot;background_background&quot;:&quot;classic&quot;}\">\n\t\t\t\t<\/div>\n\t\t\t\t\t<\/div>\n\t\t\t\t<\/div>\n\t\t<div class=\"elementor-element elementor-element-901bd69 e-flex e-con-boxed e-con e-parent\" data-id=\"901bd69\" data-element_type=\"container\" data-e-type=\"container\" data-settings=\"{&quot;background_background&quot;:&quot;classic&quot;}\">\n\t\t\t\t\t<div class=\"e-con-inner\">\n\t\t<div class=\"elementor-element elementor-element-182a8f4 e-con-full e-flex e-con e-child\" data-id=\"182a8f4\" data-element_type=\"container\" data-e-type=\"container\" data-settings=\"{&quot;background_background&quot;:&quot;classic&quot;}\">\n\t\t\t\t<div class=\"elementor-element elementor-element-374bdaf elementor-widget__width-initial elementor-widget elementor-widget-text-editor\" data-id=\"374bdaf\" data-element_type=\"widget\" data-e-type=\"widget\" data-widget_type=\"text-editor.default\">\n\t\t\t\t<div class=\"elementor-widget-container\">\n\t\t\t\t\t\t\t\t\t<p>Exames que realizamos<\/p>\t\t\t\t\t\t\t\t<\/div>\n\t\t\t\t<\/div>\n\t\t\t\t<div class=\"elementor-element elementor-element-754646b elementor-widget-mobile__width-initial elementor-widget elementor-widget-text-editor\" data-id=\"754646b\" data-element_type=\"widget\" data-e-type=\"widget\" data-widget_type=\"text-editor.default\">\n\t\t\t\t<div class=\"elementor-widget-container\">\n\t\t\t\t\t\t\t\t\t<p>Nossa abordagem minimamente invasiva trata dor e les\u00f5es de forma eficaz, permitindo que voc\u00ea retorne \u00e0s suas atividades normais rapidamente.<\/p>\t\t\t\t\t\t\t\t<\/div>\n\t\t\t\t<\/div>\n\t\t\t\t<div class=\"elementor-element elementor-element-a05a48f elementor-hidden-mobile elementor-view-default elementor-widget elementor-widget-icon\" data-id=\"a05a48f\" data-element_type=\"widget\" data-e-type=\"widget\" data-widget_type=\"icon.default\">\n\t\t\t\t<div class=\"elementor-widget-container\">\n\t\t\t\t\t\t\t<div class=\"elementor-icon-wrapper\">\n\t\t\t<div class=\"elementor-icon\">\n\t\t\t<svg aria-hidden=\"true\" class=\"e-font-icon-svg e-fas-arrow-right\" viewBox=\"0 0 448 512\" xmlns=\"http:\/\/www.w3.org\/2000\/svg\"><path d=\"M190.5 66.9l22.2-22.2c9.4-9.4 24.6-9.4 33.9 0L441 239c9.4 9.4 9.4 24.6 0 33.9L246.6 467.3c-9.4 9.4-24.6 9.4-33.9 0l-22.2-22.2c-9.5-9.5-9.3-25 .4-34.3L311.4 296H24c-13.3 0-24-10.7-24-24v-32c0-13.3 10.7-24 24-24h287.4L190.9 101.2c-9.8-9.3-10-24.8-.4-34.3z\"><\/path><\/svg>\t\t\t<\/div>\n\t\t<\/div>\n\t\t\t\t\t\t<\/div>\n\t\t\t\t<\/div>\n\t\t\t\t<div class=\"elementor-element elementor-element-9395dd3 elementor-hidden-desktop elementor-hidden-tablet elementor-view-default elementor-widget elementor-widget-icon\" data-id=\"9395dd3\" data-element_type=\"widget\" data-e-type=\"widget\" data-widget_type=\"icon.default\">\n\t\t\t\t<div class=\"elementor-widget-container\">\n\t\t\t\t\t\t\t<div class=\"elementor-icon-wrapper\">\n\t\t\t<div class=\"elementor-icon\">\n\t\t\t<svg aria-hidden=\"true\" class=\"e-font-icon-svg e-fas-arrow-right\" viewBox=\"0 0 448 512\" xmlns=\"http:\/\/www.w3.org\/2000\/svg\"><path d=\"M190.5 66.9l22.2-22.2c9.4-9.4 24.6-9.4 33.9 0L441 239c9.4 9.4 9.4 24.6 0 33.9L246.6 467.3c-9.4 9.4-24.6 9.4-33.9 0l-22.2-22.2c-9.5-9.5-9.3-25 .4-34.3L311.4 296H24c-13.3 0-24-10.7-24-24v-32c0-13.3 10.7-24 24-24h287.4L190.9 101.2c-9.8-9.3-10-24.8-.4-34.3z\"><\/path><\/svg>\t\t\t<\/div>\n\t\t<\/div>\n\t\t\t\t\t\t<\/div>\n\t\t\t\t<\/div>\n\t\t\t\t<\/div>\n\t\t<div class=\"elementor-element elementor-element-c6e18cc e-con-full e-flex e-con e-child\" data-id=\"c6e18cc\" data-element_type=\"container\" data-e-type=\"container\" data-settings=\"{&quot;background_background&quot;:&quot;classic&quot;}\">\n\t\t\t\t<div class=\"elementor-element elementor-element-32cb228 e-n-tabs-mobile elementor-widget elementor-widget-n-tabs\" data-id=\"32cb228\" data-element_type=\"widget\" data-e-type=\"widget\" data-settings=\"{&quot;tabs_justify_horizontal&quot;:&quot;start&quot;,&quot;horizontal_scroll&quot;:&quot;disable&quot;}\" data-widget_type=\"nested-tabs.default\">\n\t\t\t\t<div class=\"elementor-widget-container\">\n\t\t\t\t\t\t\t<div class=\"e-n-tabs\" data-widget-number=\"53260840\" aria-label=\"Abas. Abra itens com &quot;Enter&quot; ou &quot;Espa\u00e7o&quot;, feche com &quot;Escape&quot; e navegue usando as teclas de &quot;Seta&quot;.\">\n\t\t\t<div class=\"e-n-tabs-heading\" role=\"tablist\">\n\t\t\t\t\t<button id=\"e-n-tab-title-532608401\" data-tab-title-id=\"e-n-tab-title-532608401\" class=\"e-n-tab-title\" aria-selected=\"true\" data-tab-index=\"1\" role=\"tab\" tabindex=\"0\" aria-controls=\"e-n-tab-content-532608401\" style=\"--n-tabs-title-order: 1;\">\n\t\t\t\t\t\t<span class=\"e-n-tab-title-text\">\n\t\t\t\tUltrassom\t\t\t<\/span>\n\t\t<\/button>\n\t\t\t\t<button id=\"e-n-tab-title-532608402\" data-tab-title-id=\"e-n-tab-title-532608402\" class=\"e-n-tab-title\" aria-selected=\"false\" data-tab-index=\"2\" role=\"tab\" tabindex=\"-1\" aria-controls=\"e-n-tab-content-532608402\" style=\"--n-tabs-title-order: 2;\">\n\t\t\t\t\t\t<span class=\"e-n-tab-title-text\">\n\t\t\t\tTermografia\t\t\t<\/span>\n\t\t<\/button>\n\t\t\t\t\t<\/div>\n\t\t\t<div class=\"e-n-tabs-content\">\n\t\t\t\t<div id=\"e-n-tab-content-532608401\" role=\"tabpanel\" aria-labelledby=\"e-n-tab-title-532608401\" data-tab-index=\"1\" style=\"--n-tabs-title-order: 1;\" class=\"e-active elementor-element elementor-element-bd7af17 e-con-full e-flex e-con e-child\" data-id=\"bd7af17\" data-element_type=\"container\" data-e-type=\"container\">\n\t\t<div class=\"elementor-element elementor-element-47cdb40 e-flex e-con-boxed e-con e-child\" data-id=\"47cdb40\" data-element_type=\"container\" data-e-type=\"container\">\n\t\t\t\t\t<div class=\"e-con-inner\">\n\t\t\t\t<div class=\"elementor-element elementor-element-44d2322 elementor-widget elementor-widget-text-editor\" data-id=\"44d2322\" data-element_type=\"widget\" data-e-type=\"widget\" data-widget_type=\"text-editor.default\">\n\t\t\t\t<div class=\"elementor-widget-container\">\n\t\t\t\t\t\t\t\t\t<p>Utilizado para complementa\u00e7\u00e3o de diagn\u00f3sticos. Ele permite a visualiza\u00e7\u00e3o de m\u00fasculos, tend\u00f5es e articula\u00e7\u00f5es, sendo utilizado em tratamentos minimamente invasivos, como inje\u00e7\u00f5es de medicamentos e radiofrequ\u00eancia na coluna. Ao guiar com precis\u00e3o esses procedimentos, o ultrassom aumenta a efic\u00e1cia do tratamento, aliviando a dor e melhorando a fun\u00e7\u00e3o da coluna.<\/p>\t\t\t\t\t\t\t\t<\/div>\n\t\t\t\t<\/div>\n\t\t\t\t<div class=\"elementor-element elementor-element-23b53eb elementor-widget__width-initial elementor-widget-mobile__width-initial elementor-widget elementor-widget-image\" data-id=\"23b53eb\" data-element_type=\"widget\" data-e-type=\"widget\" data-widget_type=\"image.default\">\n\t\t\t\t<div class=\"elementor-widget-container\">\n\t\t\t\t\t\t\t\t\t\t\t\t\t\t\t<img fetchpriority=\"high\" decoding=\"async\" width=\"480\" height=\"320\" src=\"https:\/\/drkayki.16xv.com.br\/wp-content\/uploads\/2025\/11\/ultrassom.png\" class=\"attachment-large size-large wp-image-685\" alt=\"\" srcset=\"https:\/\/drkayki.16xv.com.br\/wp-content\/uploads\/2025\/11\/ultrassom.png 480w, https:\/\/drkayki.16xv.com.br\/wp-content\/uploads\/2025\/11\/ultrassom-300x200.png 300w\" sizes=\"(max-width: 480px) 100vw, 480px\" \/>\t\t\t\t\t\t\t\t\t\t\t\t\t\t\t<\/div>\n\t\t\t\t<\/div>\n\t\t\t\t\t<\/div>\n\t\t\t\t<\/div>\n\t\t\t\t<\/div>\n\t\t<div id=\"e-n-tab-content-532608402\" role=\"tabpanel\" aria-labelledby=\"e-n-tab-title-532608402\" data-tab-index=\"2\" style=\"--n-tabs-title-order: 2;\" class=\" elementor-element elementor-element-385d46b e-con-full e-flex e-con e-child\" data-id=\"385d46b\" data-element_type=\"container\" data-e-type=\"container\">\n\t\t<div class=\"elementor-element elementor-element-6beb8c4 e-flex e-con-boxed e-con e-child\" data-id=\"6beb8c4\" data-element_type=\"container\" data-e-type=\"container\">\n\t\t\t\t\t<div class=\"e-con-inner\">\n\t\t\t\t<div class=\"elementor-element elementor-element-cc4e193 elementor-widget elementor-widget-text-editor\" data-id=\"cc4e193\" data-element_type=\"widget\" data-e-type=\"widget\" data-widget_type=\"text-editor.default\">\n\t\t\t\t<div class=\"elementor-widget-container\">\n\t\t\t\t\t\t\t\t\t<p>\u00c9 uma t\u00e9cnica avan\u00e7ada de imagem que detecta a radia\u00e7\u00e3o infravermelha emitida pelo corpo, revelando padr\u00f5es de temperatura na pele. \u00c9 utilizada para identificar \u00e1reas de inflama\u00e7\u00e3o, tens\u00e3o muscular e dist\u00farbios de circula\u00e7\u00e3o. Esse exame complementar \u00e9 ideal para monitorar e avaliar quadros de dor cr\u00f4nica e les\u00f5es, oferecendo informa\u00e7\u00f5es valiosas para o diagn\u00f3stico e tratamento.<\/p>\t\t\t\t\t\t\t\t<\/div>\n\t\t\t\t<\/div>\n\t\t\t\t<div class=\"elementor-element elementor-element-6e3baf9 elementor-widget__width-initial elementor-widget-mobile__width-initial elementor-widget elementor-widget-image\" data-id=\"6e3baf9\" data-element_type=\"widget\" data-e-type=\"widget\" data-widget_type=\"image.default\">\n\t\t\t\t<div class=\"elementor-widget-container\">\n\t\t\t\t\t\t\t\t\t\t\t\t\t\t\t<img decoding=\"async\" width=\"700\" height=\"506\" src=\"https:\/\/drkayki.16xv.com.br\/wp-content\/uploads\/2025\/11\/thermography-benefits.jpg\" class=\"attachment-large size-large wp-image-683\" alt=\"\" srcset=\"https:\/\/drkayki.16xv.com.br\/wp-content\/uploads\/2025\/11\/thermography-benefits.jpg 700w, https:\/\/drkayki.16xv.com.br\/wp-content\/uploads\/2025\/11\/thermography-benefits-300x217.jpg 300w\" sizes=\"(max-width: 700px) 100vw, 700px\" \/>\t\t\t\t\t\t\t\t\t\t\t\t\t\t\t<\/div>\n\t\t\t\t<\/div>\n\t\t\t\t\t<\/div>\n\t\t\t\t<\/div>\n\t\t\t\t<\/div>\n\t\t\t\t\t<\/div>\n\t\t<\/div>\n\t\t\t\t\t\t<\/div>\n\t\t\t\t<\/div>\n\t\t\t\t<\/div>\n\t\t\t\t\t<\/div>\n\t\t\t\t<\/div>\n\t\t<div class=\"elementor-element elementor-element-ed81dde e-flex e-con-boxed e-con e-parent\" data-id=\"ed81dde\" data-element_type=\"container\" data-e-type=\"container\">\n\t\t\t\t\t<div class=\"e-con-inner\">\n\t\t\t\t\t<\/div>\n\t\t\t\t<\/div>\n\t\t\t\t<\/div>\n\t\t","protected":false},"excerpt":{"rendered":"<p>Exames que realizamos Nossa abordagem minimamente invasiva trata dor e les\u00f5es de forma eficaz, permitindo que voc\u00ea retorne \u00e0s suas atividades normais rapidamente. Ultrassom Termografia Utilizado para complementa\u00e7\u00e3o de diagn\u00f3sticos. Ele permite a visualiza\u00e7\u00e3o de m\u00fasculos, tend\u00f5es e articula\u00e7\u00f5es, sendo utilizado em tratamentos minimamente invasivos, como inje\u00e7\u00f5es de medicamentos e radiofrequ\u00eancia na coluna. Ao guiar [&hellip;]<\/p>\n","protected":false},"author":1,"featured_media":0,"parent":0,"menu_order":0,"comment_status":"closed","ping_status":"closed","template":"elementor_header_footer","meta":{"footnotes":""},"class_list":["post-21","page","type-page","status-publish","hentry"],"_links":{"self":[{"href":"https:\/\/drkayki.16xv.com.br\/index.php\/wp-json\/wp\/v2\/pages\/21","targetHints":{"allow":["GET"]}}],"collection":[{"href":"https:\/\/drkayki.16xv.com.br\/index.php\/wp-json\/wp\/v2\/pages"}],"about":[{"href":"https:\/\/drkayki.16xv.com.br\/index.php\/wp-json\/wp\/v2\/types\/page"}],"author":[{"embeddable":true,"href":"https:\/\/drkayki.16xv.com.br\/index.php\/wp-json\/wp\/v2\/users\/1"}],"replies":[{"embeddable":true,"href":"https:\/\/drkayki.16xv.com.br\/index.php\/wp-json\/wp\/v2\/comments?post=21"}],"version-history":[{"count":51,"href":"https:\/\/drkayki.16xv.com.br\/index.php\/wp-json\/wp\/v2\/pages\/21\/revisions"}],"predecessor-version":[{"id":688,"href":"https:\/\/drkayki.16xv.com.br\/index.php\/wp-json\/wp\/v2\/pages\/21\/revisions\/688"}],"wp:attachment":[{"href":"https:\/\/drkayki.16xv.com.br\/index.php\/wp-json\/wp\/v2\/media?parent=21"}],"curies":[{"name":"wp","href":"https:\/\/api.w.org\/{rel}","templated":true}]}}