{"id":25,"date":"2025-10-05T17:21:59","date_gmt":"2025-10-05T17:21:59","guid":{"rendered":"https:\/\/drkayki.16xv.com.br\/?page_id=25"},"modified":"2025-11-11T15:42:12","modified_gmt":"2025-11-11T15:42:12","slug":"tratamentos","status":"publish","type":"page","link":"https:\/\/drkayki.16xv.com.br\/index.php\/tratamentos\/","title":{"rendered":"Tratamentos"},"content":{"rendered":"\t\t<div data-elementor-type=\"wp-page\" data-elementor-id=\"25\" class=\"elementor elementor-25\" data-elementor-post-type=\"page\">\n\t\t\t\t<div class=\"elementor-element elementor-element-73aa980 e-flex e-con-boxed e-con e-parent\" data-id=\"73aa980\" data-element_type=\"container\" data-e-type=\"container\">\n\t\t\t\t\t<div class=\"e-con-inner\">\n\t\t<div class=\"elementor-element elementor-element-32cdf6e e-con-full e-flex e-con e-child\" data-id=\"32cdf6e\" data-element_type=\"container\" data-e-type=\"container\" data-settings=\"{&quot;background_background&quot;:&quot;classic&quot;}\">\n\t\t\t\t<\/div>\n\t\t\t\t\t<\/div>\n\t\t\t\t<\/div>\n\t\t<div class=\"elementor-element elementor-element-901bd69 e-flex e-con-boxed e-con e-parent\" data-id=\"901bd69\" data-element_type=\"container\" data-e-type=\"container\" data-settings=\"{&quot;background_background&quot;:&quot;classic&quot;}\">\n\t\t\t\t\t<div class=\"e-con-inner\">\n\t\t<div class=\"elementor-element elementor-element-0575593 e-con-full e-flex e-con e-child\" data-id=\"0575593\" data-element_type=\"container\" data-e-type=\"container\" data-settings=\"{&quot;background_background&quot;:&quot;classic&quot;}\">\n\t\t\t\t<div class=\"elementor-element elementor-element-ca661d0 elementor-widget__width-initial elementor-widget elementor-widget-text-editor\" data-id=\"ca661d0\" data-element_type=\"widget\" data-e-type=\"widget\" data-widget_type=\"text-editor.default\">\n\t\t\t\t<div class=\"elementor-widget-container\">\n\t\t\t\t\t\t\t\t\t<p>Tratamentos<\/p>\t\t\t\t\t\t\t\t<\/div>\n\t\t\t\t<\/div>\n\t\t\t\t<div class=\"elementor-element elementor-element-ac3d76c elementor-widget-mobile__width-initial elementor-widget elementor-widget-text-editor\" data-id=\"ac3d76c\" data-element_type=\"widget\" data-e-type=\"widget\" data-widget_type=\"text-editor.default\">\n\t\t\t\t<div class=\"elementor-widget-container\">\n\t\t\t\t\t\t\t\t\t<p>Nossa equipe oferece tratamento personalizado para diversas condi\u00e7\u00f5es de sa\u00fade. Agende uma consulta e veja como podemos ajudar.<\/p>\t\t\t\t\t\t\t\t<\/div>\n\t\t\t\t<\/div>\n\t\t\t\t<div class=\"elementor-element elementor-element-eeb57d1 elementor-widget__width-initial elementor-widget-mobile__width-initial elementor-widget elementor-widget-heading\" data-id=\"eeb57d1\" data-element_type=\"widget\" data-e-type=\"widget\" data-widget_type=\"heading.default\">\n\t\t\t\t<div class=\"elementor-widget-container\">\n\t\t\t\t\t<h2 class=\"elementor-heading-title elementor-size-default\">Voc\u00ea pode superar a dor e viver plenamente.<\/h2>\t\t\t\t<\/div>\n\t\t\t\t<\/div>\n\t\t\t\t<div class=\"elementor-element elementor-element-8cba1f9 elementor-hidden-mobile elementor-view-default elementor-widget elementor-widget-icon\" data-id=\"8cba1f9\" data-element_type=\"widget\" data-e-type=\"widget\" data-widget_type=\"icon.default\">\n\t\t\t\t<div class=\"elementor-widget-container\">\n\t\t\t\t\t\t\t<div class=\"elementor-icon-wrapper\">\n\t\t\t<div class=\"elementor-icon\">\n\t\t\t<svg aria-hidden=\"true\" class=\"e-font-icon-svg e-fas-arrow-right\" viewBox=\"0 0 448 512\" xmlns=\"http:\/\/www.w3.org\/2000\/svg\"><path d=\"M190.5 66.9l22.2-22.2c9.4-9.4 24.6-9.4 33.9 0L441 239c9.4 9.4 9.4 24.6 0 33.9L246.6 467.3c-9.4 9.4-24.6 9.4-33.9 0l-22.2-22.2c-9.5-9.5-9.3-25 .4-34.3L311.4 296H24c-13.3 0-24-10.7-24-24v-32c0-13.3 10.7-24 24-24h287.4L190.9 101.2c-9.8-9.3-10-24.8-.4-34.3z\"><\/path><\/svg>\t\t\t<\/div>\n\t\t<\/div>\n\t\t\t\t\t\t<\/div>\n\t\t\t\t<\/div>\n\t\t\t\t<div class=\"elementor-element elementor-element-18dbeaf elementor-hidden-desktop elementor-hidden-tablet elementor-view-default elementor-widget elementor-widget-icon\" data-id=\"18dbeaf\" data-element_type=\"widget\" data-e-type=\"widget\" data-widget_type=\"icon.default\">\n\t\t\t\t<div class=\"elementor-widget-container\">\n\t\t\t\t\t\t\t<div class=\"elementor-icon-wrapper\">\n\t\t\t<div class=\"elementor-icon\">\n\t\t\t<svg aria-hidden=\"true\" class=\"e-font-icon-svg e-fas-arrow-right\" viewBox=\"0 0 448 512\" xmlns=\"http:\/\/www.w3.org\/2000\/svg\"><path d=\"M190.5 66.9l22.2-22.2c9.4-9.4 24.6-9.4 33.9 0L441 239c9.4 9.4 9.4 24.6 0 33.9L246.6 467.3c-9.4 9.4-24.6 9.4-33.9 0l-22.2-22.2c-9.5-9.5-9.3-25 .4-34.3L311.4 296H24c-13.3 0-24-10.7-24-24v-32c0-13.3 10.7-24 24-24h287.4L190.9 101.2c-9.8-9.3-10-24.8-.4-34.3z\"><\/path><\/svg>\t\t\t<\/div>\n\t\t<\/div>\n\t\t\t\t\t\t<\/div>\n\t\t\t\t<\/div>\n\t\t\t\t<\/div>\n\t\t<div class=\"elementor-element elementor-element-2e751fb e-con-full e-flex e-con e-child\" data-id=\"2e751fb\" data-element_type=\"container\" data-e-type=\"container\">\n\t\t\t\t<div class=\"elementor-element elementor-element-819d043 elementor-widget-mobile__width-initial e-n-tabs-mobile elementor-widget elementor-widget-n-tabs\" data-id=\"819d043\" data-element_type=\"widget\" data-e-type=\"widget\" data-widget_type=\"nested-tabs.default\">\n\t\t\t\t<div class=\"elementor-widget-container\">\n\t\t\t\t\t\t\t<div class=\"e-n-tabs\" data-widget-number=\"135909443\" aria-label=\"Abas. Abra itens com &quot;Enter&quot; ou &quot;Espa\u00e7o&quot;, feche com &quot;Escape&quot; e navegue usando as teclas de &quot;Seta&quot;.\">\n\t\t\t<div class=\"e-n-tabs-heading\" role=\"tablist\">\n\t\t\t\t\t<button id=\"e-n-tab-title-1359094431\" data-tab-title-id=\"e-n-tab-title-1359094431\" class=\"e-n-tab-title\" aria-selected=\"true\" data-tab-index=\"1\" role=\"tab\" tabindex=\"0\" aria-controls=\"e-n-tab-content-1359094431\" style=\"--n-tabs-title-order: 1;\">\n\t\t\t\t\t\t<span class=\"e-n-tab-title-text\">\n\t\t\t\tBloqueio Simp\u00e1tico Venoso\t\t\t<\/span>\n\t\t<\/button>\n\t\t\t\t<button id=\"e-n-tab-title-1359094432\" data-tab-title-id=\"e-n-tab-title-1359094432\" class=\"e-n-tab-title\" aria-selected=\"false\" data-tab-index=\"2\" role=\"tab\" tabindex=\"-1\" aria-controls=\"e-n-tab-content-1359094432\" style=\"--n-tabs-title-order: 2;\">\n\t\t\t\t\t\t<span class=\"e-n-tab-title-text\">\n\t\t\t\tSoroterapia e Infus\u00e3o Venosa para Dor\t\t\t<\/span>\n\t\t<\/button>\n\t\t\t\t<button id=\"e-n-tab-title-1359094433\" data-tab-title-id=\"e-n-tab-title-1359094433\" class=\"e-n-tab-title\" aria-selected=\"false\" data-tab-index=\"3\" role=\"tab\" tabindex=\"-1\" aria-controls=\"e-n-tab-content-1359094433\" style=\"--n-tabs-title-order: 3;\">\n\t\t\t\t\t\t<span class=\"e-n-tab-title-text\">\n\t\t\t\tProloterapia Regenerativa\t\t\t<\/span>\n\t\t<\/button>\n\t\t\t\t<button id=\"e-n-tab-title-1359094434\" data-tab-title-id=\"e-n-tab-title-1359094434\" class=\"e-n-tab-title\" aria-selected=\"false\" data-tab-index=\"4\" role=\"tab\" tabindex=\"-1\" aria-controls=\"e-n-tab-content-1359094434\" style=\"--n-tabs-title-order: 4;\">\n\t\t\t\t\t\t<span class=\"e-n-tab-title-text\">\n\t\t\t\tBloqueio Anest\u00e9sico\/Analg\u00e9sico Guiado por Ultrassom\t\t\t<\/span>\n\t\t<\/button>\n\t\t\t\t<button id=\"e-n-tab-title-1359094435\" data-tab-title-id=\"e-n-tab-title-1359094435\" class=\"e-n-tab-title\" aria-selected=\"false\" data-tab-index=\"5\" role=\"tab\" tabindex=\"-1\" aria-controls=\"e-n-tab-content-1359094435\" style=\"--n-tabs-title-order: 5;\">\n\t\t\t\t\t\t<span class=\"e-n-tab-title-text\">\n\t\t\t\tViscossuplementa\u00e7\u00e3o com \u00c1cido Hialur\u00f4nico\t\t\t<\/span>\n\t\t<\/button>\n\t\t\t\t<button id=\"e-n-tab-title-1359094436\" data-tab-title-id=\"e-n-tab-title-1359094436\" class=\"e-n-tab-title\" aria-selected=\"false\" data-tab-index=\"6\" role=\"tab\" tabindex=\"-1\" aria-controls=\"e-n-tab-content-1359094436\" style=\"--n-tabs-title-order: 6;\">\n\t\t\t\t\t\t<span class=\"e-n-tab-title-text\">\n\t\t\t\tTerapia por Ondas de Choque\t\t\t<\/span>\n\t\t<\/button>\n\t\t\t\t<button id=\"e-n-tab-title-1359094437\" data-tab-title-id=\"e-n-tab-title-1359094437\" class=\"e-n-tab-title\" aria-selected=\"false\" data-tab-index=\"7\" role=\"tab\" tabindex=\"-1\" aria-controls=\"e-n-tab-content-1359094437\" style=\"--n-tabs-title-order: 7;\">\n\t\t\t\t\t\t<span class=\"e-n-tab-title-text\">\n\t\t\t\tTerapias Biol\u00f3gicas (ortobiol\u00f3gicos)\t\t\t<\/span>\n\t\t<\/button>\n\t\t\t\t<button id=\"e-n-tab-title-1359094438\" data-tab-title-id=\"e-n-tab-title-1359094438\" class=\"e-n-tab-title\" aria-selected=\"false\" data-tab-index=\"8\" role=\"tab\" tabindex=\"-1\" aria-controls=\"e-n-tab-content-1359094438\" style=\"--n-tabs-title-order: 8;\">\n\t\t\t\t\t\t<span class=\"e-n-tab-title-text\">\n\t\t\t\tRadiofrequ\u00eancia Pulsada\t\t\t<\/span>\n\t\t<\/button>\n\t\t\t\t\t<\/div>\n\t\t\t<div class=\"e-n-tabs-content\">\n\t\t\t\t<div id=\"e-n-tab-content-1359094431\" role=\"tabpanel\" aria-labelledby=\"e-n-tab-title-1359094431\" data-tab-index=\"1\" style=\"--n-tabs-title-order: 1;\" class=\"e-active elementor-element elementor-element-a12d7a9 e-con-full e-flex e-con e-child\" data-id=\"a12d7a9\" data-element_type=\"container\" data-e-type=\"container\">\n\t\t<div class=\"elementor-element elementor-element-5ee52d2 e-flex e-con-boxed e-con e-child\" data-id=\"5ee52d2\" data-element_type=\"container\" data-e-type=\"container\">\n\t\t\t\t\t<div class=\"e-con-inner\">\n\t\t\t\t<div class=\"elementor-element elementor-element-b4bb3b5 elementor-widget__width-initial elementor-widget elementor-widget-text-editor\" data-id=\"b4bb3b5\" data-element_type=\"widget\" data-e-type=\"widget\" data-widget_type=\"text-editor.default\">\n\t\t\t\t<div class=\"elementor-widget-container\">\n\t\t\t\t\t\t\t\t\t<p>Eficaz para condi\u00e7\u00f5es como <strong>ciatalgia e dor neurop\u00e1tica.<\/strong><\/p>\t\t\t\t\t\t\t\t<\/div>\n\t\t\t\t<\/div>\n\t\t\t\t<div class=\"elementor-element elementor-element-024835d elementor-widget__width-initial elementor-widget-mobile__width-initial elementor-widget elementor-widget-image\" data-id=\"024835d\" data-element_type=\"widget\" data-e-type=\"widget\" data-widget_type=\"image.default\">\n\t\t\t\t<div class=\"elementor-widget-container\">\n\t\t\t\t\t\t\t\t\t\t\t\t\t\t\t<img decoding=\"async\" width=\"200\" height=\"200\" src=\"https:\/\/drkayki.16xv.com.br\/wp-content\/uploads\/2025\/11\/neuropatia.png\" class=\"attachment-large size-large wp-image-775\" alt=\"\" srcset=\"https:\/\/drkayki.16xv.com.br\/wp-content\/uploads\/2025\/11\/neuropatia.png 200w, https:\/\/drkayki.16xv.com.br\/wp-content\/uploads\/2025\/11\/neuropatia-150x150.png 150w\" sizes=\"(max-width: 200px) 100vw, 200px\" \/>\t\t\t\t\t\t\t\t\t\t\t\t\t\t\t<\/div>\n\t\t\t\t<\/div>\n\t\t\t\t\t<\/div>\n\t\t\t\t<\/div>\n\t\t\t\t<\/div>\n\t\t<div id=\"e-n-tab-content-1359094432\" role=\"tabpanel\" aria-labelledby=\"e-n-tab-title-1359094432\" data-tab-index=\"2\" style=\"--n-tabs-title-order: 2;\" class=\" elementor-element elementor-element-03dba7a e-con-full e-flex e-con e-child\" data-id=\"03dba7a\" data-element_type=\"container\" data-e-type=\"container\">\n\t\t<div class=\"elementor-element elementor-element-9e5d81f e-flex e-con-boxed e-con e-child\" data-id=\"9e5d81f\" data-element_type=\"container\" data-e-type=\"container\">\n\t\t\t\t\t<div class=\"e-con-inner\">\n\t\t\t\t<div class=\"elementor-element elementor-element-c595f6b elementor-widget__width-initial elementor-widget elementor-widget-text-editor\" data-id=\"c595f6b\" data-element_type=\"widget\" data-e-type=\"widget\" data-widget_type=\"text-editor.default\">\n\t\t\t\t<div class=\"elementor-widget-container\">\n\t\t\t\t\t\t\t\t\t<p>Eficaz em condi\u00e7\u00f5es <strong>como dor cr\u00f4nica e p\u00f3s-cirurgia.<\/strong><\/p>\t\t\t\t\t\t\t\t<\/div>\n\t\t\t\t<\/div>\n\t\t\t\t<div class=\"elementor-element elementor-element-1e16d99 elementor-widget__width-initial elementor-widget-mobile__width-initial elementor-widget elementor-widget-image\" data-id=\"1e16d99\" data-element_type=\"widget\" data-e-type=\"widget\" data-widget_type=\"image.default\">\n\t\t\t\t<div class=\"elementor-widget-container\">\n\t\t\t\t\t\t\t\t\t\t\t\t\t\t\t<img decoding=\"async\" width=\"200\" height=\"200\" src=\"https:\/\/drkayki.16xv.com.br\/wp-content\/uploads\/2025\/11\/soroterapia.png\" class=\"attachment-large size-large wp-image-774\" alt=\"\" srcset=\"https:\/\/drkayki.16xv.com.br\/wp-content\/uploads\/2025\/11\/soroterapia.png 200w, https:\/\/drkayki.16xv.com.br\/wp-content\/uploads\/2025\/11\/soroterapia-150x150.png 150w\" sizes=\"(max-width: 200px) 100vw, 200px\" \/>\t\t\t\t\t\t\t\t\t\t\t\t\t\t\t<\/div>\n\t\t\t\t<\/div>\n\t\t\t\t\t<\/div>\n\t\t\t\t<\/div>\n\t\t\t\t<\/div>\n\t\t<div id=\"e-n-tab-content-1359094433\" role=\"tabpanel\" aria-labelledby=\"e-n-tab-title-1359094433\" data-tab-index=\"3\" style=\"--n-tabs-title-order: 3;\" class=\" elementor-element elementor-element-10a072d e-con-full e-flex e-con e-child\" data-id=\"10a072d\" data-element_type=\"container\" data-e-type=\"container\">\n\t\t<div class=\"elementor-element elementor-element-6ea2c45 e-flex e-con-boxed e-con e-child\" data-id=\"6ea2c45\" data-element_type=\"container\" data-e-type=\"container\">\n\t\t\t\t\t<div class=\"e-con-inner\">\n\t\t\t\t<div class=\"elementor-element elementor-element-e41d793 elementor-widget__width-initial elementor-widget elementor-widget-text-editor\" data-id=\"e41d793\" data-element_type=\"widget\" data-e-type=\"widget\" data-widget_type=\"text-editor.default\">\n\t\t\t\t<div class=\"elementor-widget-container\">\n\t\t\t\t\t\t\t\t\t<p>Para condi\u00e7\u00f5es como <strong>h\u00e9rnia de disco e dor articular cr\u00f4nica.<\/strong><\/p>\t\t\t\t\t\t\t\t<\/div>\n\t\t\t\t<\/div>\n\t\t\t\t<div class=\"elementor-element elementor-element-0e3344e elementor-widget__width-initial elementor-widget-mobile__width-initial elementor-widget elementor-widget-image\" data-id=\"0e3344e\" data-element_type=\"widget\" data-e-type=\"widget\" data-widget_type=\"image.default\">\n\t\t\t\t<div class=\"elementor-widget-container\">\n\t\t\t\t\t\t\t\t\t\t\t\t\t\t\t<img decoding=\"async\" width=\"200\" height=\"200\" src=\"https:\/\/drkayki.16xv.com.br\/wp-content\/uploads\/2025\/11\/hernia-disc.png\" class=\"attachment-large size-large wp-image-791\" alt=\"\" srcset=\"https:\/\/drkayki.16xv.com.br\/wp-content\/uploads\/2025\/11\/hernia-disc.png 200w, https:\/\/drkayki.16xv.com.br\/wp-content\/uploads\/2025\/11\/hernia-disc-150x150.png 150w\" sizes=\"(max-width: 200px) 100vw, 200px\" \/>\t\t\t\t\t\t\t\t\t\t\t\t\t\t\t<\/div>\n\t\t\t\t<\/div>\n\t\t\t\t\t<\/div>\n\t\t\t\t<\/div>\n\t\t\t\t<\/div>\n\t\t<div id=\"e-n-tab-content-1359094434\" role=\"tabpanel\" aria-labelledby=\"e-n-tab-title-1359094434\" data-tab-index=\"4\" style=\"--n-tabs-title-order: 4;\" class=\" elementor-element elementor-element-679acf4 e-con-full e-flex e-con e-child\" data-id=\"679acf4\" data-element_type=\"container\" data-e-type=\"container\">\n\t\t<div class=\"elementor-element elementor-element-346d008 e-flex e-con-boxed e-con e-child\" data-id=\"346d008\" data-element_type=\"container\" data-e-type=\"container\">\n\t\t\t\t\t<div class=\"e-con-inner\">\n\t\t\t\t<div class=\"elementor-element elementor-element-9dc2af9 elementor-widget__width-initial elementor-widget elementor-widget-text-editor\" data-id=\"9dc2af9\" data-element_type=\"widget\" data-e-type=\"widget\" data-widget_type=\"text-editor.default\">\n\t\t\t\t<div class=\"elementor-widget-container\">\n\t\t\t\t\t\t\t\t\t<p>Para dores localizadas como <strong>artrose e outras condi\u00e7\u00f5es inflamat\u00f3rias.<\/strong><\/p>\t\t\t\t\t\t\t\t<\/div>\n\t\t\t\t<\/div>\n\t\t\t\t<div class=\"elementor-element elementor-element-247eec5 elementor-widget__width-initial elementor-widget-mobile__width-initial elementor-widget elementor-widget-image\" data-id=\"247eec5\" data-element_type=\"widget\" data-e-type=\"widget\" data-widget_type=\"image.default\">\n\t\t\t\t<div class=\"elementor-widget-container\">\n\t\t\t\t\t\t\t\t\t\t\t\t\t\t\t<img loading=\"lazy\" decoding=\"async\" width=\"200\" height=\"200\" src=\"https:\/\/drkayki.16xv.com.br\/wp-content\/uploads\/2025\/11\/ultrassom-1.png\" class=\"attachment-large size-large wp-image-777\" alt=\"\" srcset=\"https:\/\/drkayki.16xv.com.br\/wp-content\/uploads\/2025\/11\/ultrassom-1.png 200w, https:\/\/drkayki.16xv.com.br\/wp-content\/uploads\/2025\/11\/ultrassom-1-150x150.png 150w\" sizes=\"(max-width: 200px) 100vw, 200px\" \/>\t\t\t\t\t\t\t\t\t\t\t\t\t\t\t<\/div>\n\t\t\t\t<\/div>\n\t\t\t\t\t<\/div>\n\t\t\t\t<\/div>\n\t\t\t\t<\/div>\n\t\t<div id=\"e-n-tab-content-1359094435\" role=\"tabpanel\" aria-labelledby=\"e-n-tab-title-1359094435\" data-tab-index=\"5\" style=\"--n-tabs-title-order: 5;\" class=\" elementor-element elementor-element-1c8ad3b e-con-full e-flex e-con e-child\" data-id=\"1c8ad3b\" data-element_type=\"container\" data-e-type=\"container\">\n\t\t<div class=\"elementor-element elementor-element-441d831 e-flex e-con-boxed e-con e-child\" data-id=\"441d831\" data-element_type=\"container\" data-e-type=\"container\">\n\t\t\t\t\t<div class=\"e-con-inner\">\n\t\t\t\t<div class=\"elementor-element elementor-element-0ae816a elementor-widget__width-initial elementor-widget elementor-widget-text-editor\" data-id=\"0ae816a\" data-element_type=\"widget\" data-e-type=\"widget\" data-widget_type=\"text-editor.default\">\n\t\t\t\t<div class=\"elementor-widget-container\">\n\t\t\t\t\t\t\t\t\t<p>Ideal para\u00a0<strong>artrose no joelho\/quadril,<\/strong>\u00a0melhora a lubrifica\u00e7\u00e3o e reduz a dor.<\/p>\t\t\t\t\t\t\t\t<\/div>\n\t\t\t\t<\/div>\n\t\t\t\t<div class=\"elementor-element elementor-element-fd98510 elementor-widget__width-initial elementor-widget-mobile__width-initial elementor-widget elementor-widget-image\" data-id=\"fd98510\" data-element_type=\"widget\" data-e-type=\"widget\" data-widget_type=\"image.default\">\n\t\t\t\t<div class=\"elementor-widget-container\">\n\t\t\t\t\t\t\t\t\t\t\t\t\t\t\t<img loading=\"lazy\" decoding=\"async\" width=\"200\" height=\"200\" src=\"https:\/\/drkayki.16xv.com.br\/wp-content\/uploads\/2025\/11\/artrose.png\" class=\"attachment-large size-large wp-image-776\" alt=\"\" srcset=\"https:\/\/drkayki.16xv.com.br\/wp-content\/uploads\/2025\/11\/artrose.png 200w, https:\/\/drkayki.16xv.com.br\/wp-content\/uploads\/2025\/11\/artrose-150x150.png 150w\" sizes=\"(max-width: 200px) 100vw, 200px\" \/>\t\t\t\t\t\t\t\t\t\t\t\t\t\t\t<\/div>\n\t\t\t\t<\/div>\n\t\t\t\t\t<\/div>\n\t\t\t\t<\/div>\n\t\t\t\t<\/div>\n\t\t<div id=\"e-n-tab-content-1359094436\" role=\"tabpanel\" aria-labelledby=\"e-n-tab-title-1359094436\" data-tab-index=\"6\" style=\"--n-tabs-title-order: 6;\" class=\" elementor-element elementor-element-c5b3470 e-con-full e-flex e-con e-child\" data-id=\"c5b3470\" data-element_type=\"container\" data-e-type=\"container\">\n\t\t<div class=\"elementor-element elementor-element-6cbf476 e-flex e-con-boxed e-con e-child\" data-id=\"6cbf476\" data-element_type=\"container\" data-e-type=\"container\">\n\t\t\t\t\t<div class=\"e-con-inner\">\n\t\t\t\t<div class=\"elementor-element elementor-element-4f30e9c elementor-widget__width-initial elementor-widget elementor-widget-text-editor\" data-id=\"4f30e9c\" data-element_type=\"widget\" data-e-type=\"widget\" data-widget_type=\"text-editor.default\">\n\t\t\t\t<div class=\"elementor-widget-container\">\n\t\t\t\t\t\t\t\t\t<p>Epicondilite, tendinite calc\u00e1ria, espor\u00e3o de calc\u00e2neo e fascite plantar.<\/p>\t\t\t\t\t\t\t\t<\/div>\n\t\t\t\t<\/div>\n\t\t\t\t<div class=\"elementor-element elementor-element-dd3151e elementor-widget__width-initial elementor-widget-mobile__width-initial elementor-widget elementor-widget-image\" data-id=\"dd3151e\" data-element_type=\"widget\" data-e-type=\"widget\" data-widget_type=\"image.default\">\n\t\t\t\t<div class=\"elementor-widget-container\">\n\t\t\t\t\t\t\t\t\t\t\t\t\t\t\t<img loading=\"lazy\" decoding=\"async\" width=\"200\" height=\"200\" src=\"https:\/\/drkayki.16xv.com.br\/wp-content\/uploads\/2025\/11\/ondas-choque.png\" class=\"attachment-large size-large wp-image-786\" alt=\"\" srcset=\"https:\/\/drkayki.16xv.com.br\/wp-content\/uploads\/2025\/11\/ondas-choque.png 200w, https:\/\/drkayki.16xv.com.br\/wp-content\/uploads\/2025\/11\/ondas-choque-150x150.png 150w\" sizes=\"(max-width: 200px) 100vw, 200px\" \/>\t\t\t\t\t\t\t\t\t\t\t\t\t\t\t<\/div>\n\t\t\t\t<\/div>\n\t\t\t\t\t<\/div>\n\t\t\t\t<\/div>\n\t\t\t\t<\/div>\n\t\t<div id=\"e-n-tab-content-1359094437\" role=\"tabpanel\" aria-labelledby=\"e-n-tab-title-1359094437\" data-tab-index=\"7\" style=\"--n-tabs-title-order: 7;\" class=\" elementor-element elementor-element-9bc7448 e-con-full e-flex e-con e-child\" data-id=\"9bc7448\" data-element_type=\"container\" data-e-type=\"container\">\n\t\t<div class=\"elementor-element elementor-element-d87719a e-flex e-con-boxed e-con e-child\" data-id=\"d87719a\" data-element_type=\"container\" data-e-type=\"container\">\n\t\t\t\t\t<div class=\"e-con-inner\">\n\t\t\t\t<div class=\"elementor-element elementor-element-b69ce3e elementor-widget__width-initial elementor-widget elementor-widget-text-editor\" data-id=\"b69ce3e\" data-element_type=\"widget\" data-e-type=\"widget\" data-widget_type=\"text-editor.default\">\n\t\t\t\t<div class=\"elementor-widget-container\">\n\t\t\t\t\t\t\t\t\t<p>Estimula a <strong>regenera\u00e7\u00e3o de tecidos<\/strong> e trata les\u00f5es e condi\u00e7\u00f5es <strong>degenerativas.<\/strong><\/p>\t\t\t\t\t\t\t\t<\/div>\n\t\t\t\t<\/div>\n\t\t\t\t<div class=\"elementor-element elementor-element-a9ce051 elementor-widget__width-initial elementor-widget-mobile__width-initial elementor-widget elementor-widget-image\" data-id=\"a9ce051\" data-element_type=\"widget\" data-e-type=\"widget\" data-widget_type=\"image.default\">\n\t\t\t\t<div class=\"elementor-widget-container\">\n\t\t\t\t\t\t\t\t\t\t\t\t\t\t\t<img loading=\"lazy\" decoding=\"async\" width=\"200\" height=\"200\" src=\"https:\/\/drkayki.16xv.com.br\/wp-content\/uploads\/2025\/11\/terapias-biologicas.png\" class=\"attachment-large size-large wp-image-788\" alt=\"\" srcset=\"https:\/\/drkayki.16xv.com.br\/wp-content\/uploads\/2025\/11\/terapias-biologicas.png 200w, https:\/\/drkayki.16xv.com.br\/wp-content\/uploads\/2025\/11\/terapias-biologicas-150x150.png 150w\" sizes=\"(max-width: 200px) 100vw, 200px\" \/>\t\t\t\t\t\t\t\t\t\t\t\t\t\t\t<\/div>\n\t\t\t\t<\/div>\n\t\t\t\t\t<\/div>\n\t\t\t\t<\/div>\n\t\t\t\t<\/div>\n\t\t<div id=\"e-n-tab-content-1359094438\" role=\"tabpanel\" aria-labelledby=\"e-n-tab-title-1359094438\" data-tab-index=\"8\" style=\"--n-tabs-title-order: 8;\" class=\" elementor-element elementor-element-427b3a1 e-con-full e-flex e-con e-child\" data-id=\"427b3a1\" data-element_type=\"container\" data-e-type=\"container\">\n\t\t<div class=\"elementor-element elementor-element-653f255 e-flex e-con-boxed e-con e-child\" data-id=\"653f255\" data-element_type=\"container\" data-e-type=\"container\">\n\t\t\t\t\t<div class=\"e-con-inner\">\n\t\t\t\t<div class=\"elementor-element elementor-element-b977533 elementor-widget__width-initial elementor-widget elementor-widget-text-editor\" data-id=\"b977533\" data-element_type=\"widget\" data-e-type=\"widget\" data-widget_type=\"text-editor.default\">\n\t\t\t\t<div class=\"elementor-widget-container\">\n\t\t\t\t\t\t\t\t\t<p>Alivia a dor em <strong>patologias da coluna e articulares.<\/strong><\/p>\t\t\t\t\t\t\t\t<\/div>\n\t\t\t\t<\/div>\n\t\t\t\t<div class=\"elementor-element elementor-element-f5a4b3a elementor-widget__width-initial elementor-widget-mobile__width-initial elementor-widget elementor-widget-image\" data-id=\"f5a4b3a\" data-element_type=\"widget\" data-e-type=\"widget\" data-widget_type=\"image.default\">\n\t\t\t\t<div class=\"elementor-widget-container\">\n\t\t\t\t\t\t\t\t\t\t\t\t\t\t\t<img loading=\"lazy\" decoding=\"async\" width=\"200\" height=\"200\" src=\"https:\/\/drkayki.16xv.com.br\/wp-content\/uploads\/2025\/11\/radio-frequencia.png\" class=\"attachment-large size-large wp-image-790\" alt=\"\" srcset=\"https:\/\/drkayki.16xv.com.br\/wp-content\/uploads\/2025\/11\/radio-frequencia.png 200w, https:\/\/drkayki.16xv.com.br\/wp-content\/uploads\/2025\/11\/radio-frequencia-150x150.png 150w\" sizes=\"(max-width: 200px) 100vw, 200px\" \/>\t\t\t\t\t\t\t\t\t\t\t\t\t\t\t<\/div>\n\t\t\t\t<\/div>\n\t\t\t\t\t<\/div>\n\t\t\t\t<\/div>\n\t\t\t\t<\/div>\n\t\t\t\t\t<\/div>\n\t\t<\/div>\n\t\t\t\t\t\t<\/div>\n\t\t\t\t<\/div>\n\t\t\t\t<\/div>\n\t\t\t\t\t<\/div>\n\t\t\t\t<\/div>\n\t\t\t\t<\/div>\n\t\t","protected":false},"excerpt":{"rendered":"<p>Tratamentos Nossa equipe oferece tratamento personalizado para diversas condi\u00e7\u00f5es de sa\u00fade. Agende uma consulta e veja como podemos ajudar. Voc\u00ea pode superar a dor e viver plenamente. Bloqueio Simp\u00e1tico Venoso Soroterapia e Infus\u00e3o Venosa para Dor Proloterapia Regenerativa Bloqueio Anest\u00e9sico\/Analg\u00e9sico Guiado por Ultrassom Viscossuplementa\u00e7\u00e3o com \u00c1cido Hialur\u00f4nico Terapia por Ondas de Choque Terapias Biol\u00f3gicas (ortobiol\u00f3gicos) [&hellip;]<\/p>\n","protected":false},"author":1,"featured_media":0,"parent":0,"menu_order":0,"comment_status":"closed","ping_status":"closed","template":"elementor_header_footer","meta":{"footnotes":""},"class_list":["post-25","page","type-page","status-publish","hentry"],"_links":{"self":[{"href":"https:\/\/drkayki.16xv.com.br\/index.php\/wp-json\/wp\/v2\/pages\/25","targetHints":{"allow":["GET"]}}],"collection":[{"href":"https:\/\/drkayki.16xv.com.br\/index.php\/wp-json\/wp\/v2\/pages"}],"about":[{"href":"https:\/\/drkayki.16xv.com.br\/index.php\/wp-json\/wp\/v2\/types\/page"}],"author":[{"embeddable":true,"href":"https:\/\/drkayki.16xv.com.br\/index.php\/wp-json\/wp\/v2\/users\/1"}],"replies":[{"embeddable":true,"href":"https:\/\/drkayki.16xv.com.br\/index.php\/wp-json\/wp\/v2\/comments?post=25"}],"version-history":[{"count":81,"href":"https:\/\/drkayki.16xv.com.br\/index.php\/wp-json\/wp\/v2\/pages\/25\/revisions"}],"predecessor-version":[{"id":825,"href":"https:\/\/drkayki.16xv.com.br\/index.php\/wp-json\/wp\/v2\/pages\/25\/revisions\/825"}],"wp:attachment":[{"href":"https:\/\/drkayki.16xv.com.br\/index.php\/wp-json\/wp\/v2\/media?parent=25"}],"curies":[{"name":"wp","href":"https:\/\/api.w.org\/{rel}","templated":true}]}}